{"id":347,"date":"2021-04-14T15:39:14","date_gmt":"2021-04-14T15:39:14","guid":{"rendered":"https:\/\/www.reglasde.org\/relais\/"},"modified":"2021-04-14T15:39:20","modified_gmt":"2021-04-14T15:39:20","slug":"relais","status":"publish","type":"page","link":"https:\/\/www.reglasde.org\/fr\/","title":{"rendered":"Relais"},"content":{"rendered":"\t\t<div data-elementor-type=\"wp-page\" data-elementor-id=\"347\" class=\"elementor elementor-347 elementor-9\" data-elementor-post-type=\"page\">\n\t\t\t\t\t\t<div class=\"elementor-inner\">\n\t\t\t\t<div class=\"elementor-section-wrap\">\n\t\t\t\t\t\t\t\t\t<section class=\"elementor-section elementor-top-section elementor-element elementor-element-80861bd elementor-section-boxed elementor-section-height-default elementor-section-height-default\" data-id=\"80861bd\" data-element_type=\"section\">\n\t\t\t\t\t\t<div class=\"elementor-container elementor-column-gap-default\">\n\t\t\t\t\t\t\t<div class=\"elementor-row\">\n\t\t\t\t\t<div class=\"elementor-column elementor-col-100 elementor-top-column elementor-element elementor-element-8c9280a\" data-id=\"8c9280a\" data-element_type=\"column\">\n\t\t\t<div class=\"elementor-column-wrap elementor-element-populated\">\n\t\t\t\t\t\t\t<div class=\"elementor-widget-wrap\">\n\t\t\t\t\t\t<div class=\"elementor-element elementor-element-2736505 elementor-widget elementor-widget-heading\" data-id=\"2736505\" data-element_type=\"widget\" data-widget_type=\"heading.default\">\n\t\t\t\t<div class=\"elementor-widget-container\">\n\t\t\t<h1 class=\"elementor-heading-title elementor-size-default\">TOUTES LES R\u00c8GLES DU MONDE ICI<\/h1>\t\t<\/div>\n\t\t\t\t<\/div>\n\t\t\t\t<div class=\"elementor-element elementor-element-ab0e6b0 elementor-widget elementor-widget-text-editor\" data-id=\"ab0e6b0\" data-element_type=\"widget\" data-widget_type=\"text-editor.default\">\n\t\t\t\t<div class=\"elementor-widget-container\">\n\t\t\t\t\t\t\t\t<div class=\"elementor-text-editor elementor-clearfix\">\n\t\t\t\t<p>Au <strong>rulesof.org<\/strong> nous sommes une organisation pour laquelle nous nous sommes r\u00e9unis <strong>centraliser toutes les r\u00e8gles et r\u00e9glementations<\/strong> sur toutes sortes de th\u00e8mes communs \u00e0 notre soci\u00e9t\u00e9 <strong>pour garder les r\u00e8gles<\/strong> qu&rsquo;un jour, ils ont \u00e9t\u00e9 cr\u00e9\u00e9s pour maintenir des jeux, des sports et de nombreuses autres activit\u00e9s r\u00e9glement\u00e9es afin que ceux-ci puissent \u00eatre <strong>\u00ab\u00a0plus juste possible\u00a0\u00bb.<\/strong><\/p>\n\t\t\t\t\t<\/div>\n\t\t\t\t\t\t<\/div>\n\t\t\t\t<\/div>\n\t\t\t\t<div class=\"elementor-element elementor-element-026e268 elementor-widget elementor-widget-html\" data-id=\"026e268\" data-element_type=\"widget\" data-widget_type=\"html.default\">\n\t\t\t\t<div class=\"elementor-widget-container\">\n\t\t\t<script async src=\"https:\/\/pagead2.googlesyndication.com\/pagead\/js\/adsbygoogle.js\"><\/script><!-- ANUNCIO HOME - REGLASDE --><ins class=\"adsbygoogle\" style=\"display:block\" data-ad-client=\"ca-pub-8075175286201855\" data-ad-slot=\"7434598312\" data-ad-format=\"link\" data-full-width-responsive=\"true\"><\/ins><script>(adsbygoogle = window.adsbygoogle || []).push({});\n<\/script>\t\t<\/div>\n\t\t\t\t<\/div>\n\t\t\t\t<div class=\"elementor-element elementor-element-1f48996 elementor-posts--thumbnail-none elementor-grid-3 elementor-grid-tablet-2 elementor-grid-mobile-1 elementor-card-shadow-yes elementor-posts__hover-gradient elementor-widget elementor-widget-posts\" data-id=\"1f48996\" data-element_type=\"widget\" data-settings=\"{&quot;pagination_type&quot;:&quot;numbers_and_prev_next&quot;,&quot;cards_columns&quot;:&quot;3&quot;,&quot;cards_columns_tablet&quot;:&quot;2&quot;,&quot;cards_columns_mobile&quot;:&quot;1&quot;,&quot;cards_row_gap&quot;:{&quot;unit&quot;:&quot;px&quot;,&quot;size&quot;:35,&quot;sizes&quot;:[]},&quot;cards_row_gap_tablet&quot;:{&quot;unit&quot;:&quot;px&quot;,&quot;size&quot;:&quot;&quot;,&quot;sizes&quot;:[]},&quot;cards_row_gap_mobile&quot;:{&quot;unit&quot;:&quot;px&quot;,&quot;size&quot;:&quot;&quot;,&quot;sizes&quot;:[]}}\" data-widget_type=\"posts.cards\">\n\t\t\t\t<div class=\"elementor-widget-container\">\n\t\t\t\t\t<div class=\"elementor-posts-container elementor-posts elementor-posts--skin-cards elementor-grid\">\n\t\t\t\t<article class=\"elementor-post elementor-grid-item post-343 post type-post status-publish format-standard hentry category-non-classifiee\">\n\t\t\t<div class=\"elementor-post__card\">\n\t\t\t\t<div class=\"elementor-post__text\">\n\t\t\t\t<h3 class=\"elementor-post__title\">\n\t\t\t<a href=\"https:\/\/www.reglasde.org\/fr\/regles-de-go-fish-comment-jouer-a-go-fish\/\" >\n\t\t\t\tR\u00e8gles de Go Fish: Comment jouer \u00e0 Go Fish?\t\t\t<\/a>\n\t\t<\/h3>\n\t\t\t\t<div class=\"elementor-post__excerpt\">\n\t\t\t<p>Allez p\u00eacher ou allez \u00e0 la p\u00eache est un jeu de cartes classique pour les enfants qui peut \u00eatre jou\u00e9 avec n&rsquo;importe quel jeu de cartes. R\u00e8gles Go Fish Bien qu&rsquo;il existe des jeux de cartes sp\u00e9cialement con\u00e7us pour jouer \u00e0 Go Fish, souvent avec moins de cartes et de<\/p>\n\t\t<\/div>\n\t\t\n\t\t<a class=\"elementor-post__read-more\" href=\"https:\/\/www.reglasde.org\/fr\/regles-de-go-fish-comment-jouer-a-go-fish\/\" aria-label=\"Read more about R\u00e8gles de Go Fish: Comment jouer \u00e0 Go Fish?\" >\n\t\t\tconna\u00eetre les r\u00e8gles\t\t<\/a>\n\n\t\t\t\t<\/div>\n\t\t\t\t<div class=\"elementor-post__meta-data\">\n\t\t\t\t\t<span class=\"elementor-post-date\">\n\t\t\tavril 14, 2021\t\t<\/span>\n\t\t\t\t<span class=\"elementor-post-avatar\">\n\t\t\tAucun commentaire\t\t<\/span>\n\t\t\t\t<\/div>\n\t\t\t\t\t<\/div>\n\t\t<\/article>\n\t\t\t\t<\/div>\n\t\t\n\t\t\t\t<\/div>\n\t\t\t\t<\/div>\n\t\t\t\t<div class=\"elementor-element elementor-element-e749004 elementor-widget elementor-widget-html\" data-id=\"e749004\" data-element_type=\"widget\" data-widget_type=\"html.default\">\n\t\t\t\t<div class=\"elementor-widget-container\">\n\t\t\t<script async src=\"https:\/\/pagead2.googlesyndication.com\/pagead\/js\/adsbygoogle.js\"><\/script><!-- ANUNCIO HOME - REGLASDE --><ins class=\"adsbygoogle\" style=\"display:block\" data-ad-client=\"ca-pub-8075175286201855\" data-ad-slot=\"7434598312\" data-ad-format=\"auto\" data-full-width-responsive=\"true\"><\/ins><script>(adsbygoogle = window.adsbygoogle || []).push({});\n<\/script>\t\t<\/div>\n\t\t\t\t<\/div>\n\t\t\t\t<div class=\"elementor-element elementor-element-c3e1801 elementor-widget elementor-widget-heading\" data-id=\"c3e1801\" data-element_type=\"widget\" data-widget_type=\"heading.default\">\n\t\t\t\t<div class=\"elementor-widget-container\">\n\t\t\t<h2 class=\"elementor-heading-title elementor-size-default\">D\u00e9mocratisation des r\u00e8gles<\/h2>\t\t<\/div>\n\t\t\t\t<\/div>\n\t\t\t\t<div class=\"elementor-element elementor-element-f216556 elementor-widget elementor-widget-text-editor\" data-id=\"f216556\" data-element_type=\"widget\" data-widget_type=\"text-editor.default\">\n\t\t\t\t<div class=\"elementor-widget-container\">\n\t\t\t\t\t\t\t\t<div class=\"elementor-text-editor elementor-clearfix\">\n\t\t\t\t<p>Dans Rulesde.org, vous trouverez toutes les informations relatives \u00e0<b>&nbsp; R\u00e8gles de toutes les r\u00e9gions du monde en langue hispanique<\/b> afin qu&rsquo;ils soient d\u00e9mocratis\u00e9s et non affect\u00e9s par des changements sociaux infond\u00e9s. Les traditions de nos anc\u00eatres ne doivent pas \u00eatre perdues car pour fa\u00e7onner notre pr\u00e9sent et notre avenir, nous devrons toujours nous inspirer de nos exp\u00e9riences pass\u00e9es.&nbsp;<\/p>\n<p>Retrouvez toutes les r\u00e8gles et bases des jeux aux sports et bien d&rsquo;autres th\u00e8mes qui se donnent du sens.<\/p>\n<p>Si vous souhaitez que nous modifiions les r\u00e8gles sur n&rsquo;importe quel sujet, laissez votre commentaire afin que nous puissions \u00e9valuer votre proposition de mani\u00e8re pratique et r\u00e9aliste afin qu&rsquo;elle ne soit pas contamin\u00e9e.<\/p><\/p>\n\t\t\t\t\t<\/div>\n\t\t\t\t\t\t<\/div>\n\t\t\t\t<\/div>\n\t\t\t\t\t\t<\/div>\n\t\t\t\t\t<\/div>\n\t\t<\/div>\n\t\t\t\t\t\t\t\t<\/div>\n\t\t\t\t\t<\/div>\n\t\t<\/section>\n\t\t\t\t\t\t\t\t\t<\/div>\n\t\t\t<\/div>\n\t\t\t\t\t<\/div>\n\t\t","protected":false},"excerpt":{"rendered":"<p>TOUTES LES R\u00c8GLES DU MONDE ICI Au rulesof.org nous sommes une organisation pour laquelle nous nous sommes r\u00e9unis centraliser toutes les r\u00e8gles et r\u00e9glementations sur toutes sortes de th\u00e8mes communs \u00e0 notre soci\u00e9t\u00e9 pour garder les r\u00e8gles qu&rsquo;un jour, ils ont \u00e9t\u00e9 cr\u00e9\u00e9s pour maintenir des jeux, des sports et de nombreuses autres activit\u00e9s r\u00e9glement\u00e9es [&hellip;]<\/p>\n","protected":false},"author":1,"featured_media":0,"parent":0,"menu_order":0,"comment_status":"closed","ping_status":"closed","template":"","meta":[],"yoast_head":"<!-- This site is optimized with the Yoast SEO plugin v20.3 - https:\/\/yoast.com\/wordpress\/plugins\/seo\/ -->\n<title>Relais - Reglas<\/title>\n<meta name=\"robots\" content=\"index, follow, max-snippet:-1, max-image-preview:large, max-video-preview:-1\" \/>\n<link rel=\"canonical\" href=\"https:\/\/www.reglasde.org\/fr\/\" \/>\n<meta property=\"og:locale\" content=\"fr_FR\" \/>\n<meta property=\"og:type\" content=\"article\" \/>\n<meta property=\"og:title\" content=\"Relais - Reglas\" \/>\n<meta property=\"og:description\" content=\"TOUTES LES R\u00c8GLES DU MONDE ICI Au rulesof.org nous sommes une organisation pour laquelle nous nous sommes r\u00e9unis centraliser toutes les r\u00e8gles et r\u00e9glementations sur toutes sortes de th\u00e8mes communs \u00e0 notre soci\u00e9t\u00e9 pour garder les r\u00e8gles qu&rsquo;un jour, ils ont \u00e9t\u00e9 cr\u00e9\u00e9s pour maintenir des jeux, des sports et de nombreuses autres activit\u00e9s r\u00e9glement\u00e9es [&hellip;]\" \/>\n<meta property=\"og:url\" content=\"https:\/\/www.reglasde.org\/fr\/\" \/>\n<meta property=\"og:site_name\" content=\"Reglas\" \/>\n<meta property=\"article:modified_time\" content=\"2021-04-14T15:39:20+00:00\" \/>\n<meta name=\"twitter:card\" content=\"summary_large_image\" \/>\n<meta name=\"twitter:label1\" content=\"Dur\u00e9e de lecture estim\u00e9e\" \/>\n\t<meta name=\"twitter:data1\" content=\"1 minute\" \/>\n<script type=\"application\/ld+json\" class=\"yoast-schema-graph\">{\"@context\":\"https:\/\/schema.org\",\"@graph\":[{\"@type\":\"WebPage\",\"@id\":\"https:\/\/www.reglasde.org\/fr\/\",\"url\":\"https:\/\/www.reglasde.org\/fr\/\",\"name\":\"Relais - Reglas\",\"isPartOf\":{\"@id\":\"https:\/\/www.reglasde.org\/#website\"},\"datePublished\":\"2021-04-14T15:39:14+00:00\",\"dateModified\":\"2021-04-14T15:39:20+00:00\",\"breadcrumb\":{\"@id\":\"https:\/\/www.reglasde.org\/fr\/#breadcrumb\"},\"inLanguage\":\"fr-FR\",\"potentialAction\":[{\"@type\":\"ReadAction\",\"target\":[\"https:\/\/www.reglasde.org\/fr\/\"]}]},{\"@type\":\"BreadcrumbList\",\"@id\":\"https:\/\/www.reglasde.org\/fr\/#breadcrumb\",\"itemListElement\":[{\"@type\":\"ListItem\",\"position\":1,\"name\":\"Portada\",\"item\":\"https:\/\/www.reglasde.org\/fr\/\"},{\"@type\":\"ListItem\",\"position\":2,\"name\":\"Relais\"}]},{\"@type\":\"WebSite\",\"@id\":\"https:\/\/www.reglasde.org\/#website\",\"url\":\"https:\/\/www.reglasde.org\/\",\"name\":\"Reglas\",\"description\":\"Encuentra todas las reglas del mundo\",\"publisher\":{\"@id\":\"https:\/\/www.reglasde.org\/#organization\"},\"potentialAction\":[{\"@type\":\"SearchAction\",\"target\":{\"@type\":\"EntryPoint\",\"urlTemplate\":\"https:\/\/www.reglasde.org\/?s={search_term_string}\"},\"query-input\":\"required name=search_term_string\"}],\"inLanguage\":\"fr-FR\"},{\"@type\":\"Organization\",\"@id\":\"https:\/\/www.reglasde.org\/#organization\",\"name\":\"Reglas\",\"url\":\"https:\/\/www.reglasde.org\/\",\"logo\":{\"@type\":\"ImageObject\",\"inLanguage\":\"fr-FR\",\"@id\":\"https:\/\/www.reglasde.org\/#\/schema\/logo\/image\/\",\"url\":\"https:\/\/www.reglasde.org\/wp-content\/uploads\/2020\/05\/cropped-REGLASDE-LOGO.png\",\"contentUrl\":\"https:\/\/www.reglasde.org\/wp-content\/uploads\/2020\/05\/cropped-REGLASDE-LOGO.png\",\"width\":277,\"height\":235,\"caption\":\"Reglas\"},\"image\":{\"@id\":\"https:\/\/www.reglasde.org\/#\/schema\/logo\/image\/\"}}]}<\/script>\n<!-- \/ Yoast SEO plugin. -->","yoast_head_json":{"title":"Relais - Reglas","robots":{"index":"index","follow":"follow","max-snippet":"max-snippet:-1","max-image-preview":"max-image-preview:large","max-video-preview":"max-video-preview:-1"},"canonical":"https:\/\/www.reglasde.org\/fr\/","og_locale":"fr_FR","og_type":"article","og_title":"Relais - Reglas","og_description":"TOUTES LES R\u00c8GLES DU MONDE ICI Au rulesof.org nous sommes une organisation pour laquelle nous nous sommes r\u00e9unis centraliser toutes les r\u00e8gles et r\u00e9glementations sur toutes sortes de th\u00e8mes communs \u00e0 notre soci\u00e9t\u00e9 pour garder les r\u00e8gles qu&rsquo;un jour, ils ont \u00e9t\u00e9 cr\u00e9\u00e9s pour maintenir des jeux, des sports et de nombreuses autres activit\u00e9s r\u00e9glement\u00e9es [&hellip;]","og_url":"https:\/\/www.reglasde.org\/fr\/","og_site_name":"Reglas","article_modified_time":"2021-04-14T15:39:20+00:00","twitter_card":"summary_large_image","twitter_misc":{"Dur\u00e9e de lecture estim\u00e9e":"1 minute"},"schema":{"@context":"https:\/\/schema.org","@graph":[{"@type":"WebPage","@id":"https:\/\/www.reglasde.org\/fr\/","url":"https:\/\/www.reglasde.org\/fr\/","name":"Relais - Reglas","isPartOf":{"@id":"https:\/\/www.reglasde.org\/#website"},"datePublished":"2021-04-14T15:39:14+00:00","dateModified":"2021-04-14T15:39:20+00:00","breadcrumb":{"@id":"https:\/\/www.reglasde.org\/fr\/#breadcrumb"},"inLanguage":"fr-FR","potentialAction":[{"@type":"ReadAction","target":["https:\/\/www.reglasde.org\/fr\/"]}]},{"@type":"BreadcrumbList","@id":"https:\/\/www.reglasde.org\/fr\/#breadcrumb","itemListElement":[{"@type":"ListItem","position":1,"name":"Portada","item":"https:\/\/www.reglasde.org\/fr\/"},{"@type":"ListItem","position":2,"name":"Relais"}]},{"@type":"WebSite","@id":"https:\/\/www.reglasde.org\/#website","url":"https:\/\/www.reglasde.org\/","name":"Reglas","description":"Encuentra todas las reglas del mundo","publisher":{"@id":"https:\/\/www.reglasde.org\/#organization"},"potentialAction":[{"@type":"SearchAction","target":{"@type":"EntryPoint","urlTemplate":"https:\/\/www.reglasde.org\/?s={search_term_string}"},"query-input":"required name=search_term_string"}],"inLanguage":"fr-FR"},{"@type":"Organization","@id":"https:\/\/www.reglasde.org\/#organization","name":"Reglas","url":"https:\/\/www.reglasde.org\/","logo":{"@type":"ImageObject","inLanguage":"fr-FR","@id":"https:\/\/www.reglasde.org\/#\/schema\/logo\/image\/","url":"https:\/\/www.reglasde.org\/wp-content\/uploads\/2020\/05\/cropped-REGLASDE-LOGO.png","contentUrl":"https:\/\/www.reglasde.org\/wp-content\/uploads\/2020\/05\/cropped-REGLASDE-LOGO.png","width":277,"height":235,"caption":"Reglas"},"image":{"@id":"https:\/\/www.reglasde.org\/#\/schema\/logo\/image\/"}}]}},"_links":{"self":[{"href":"https:\/\/www.reglasde.org\/fr\/wp-json\/wp\/v2\/pages\/347"}],"collection":[{"href":"https:\/\/www.reglasde.org\/fr\/wp-json\/wp\/v2\/pages"}],"about":[{"href":"https:\/\/www.reglasde.org\/fr\/wp-json\/wp\/v2\/types\/page"}],"author":[{"embeddable":true,"href":"https:\/\/www.reglasde.org\/fr\/wp-json\/wp\/v2\/users\/1"}],"replies":[{"embeddable":true,"href":"https:\/\/www.reglasde.org\/fr\/wp-json\/wp\/v2\/comments?post=347"}],"version-history":[{"count":3,"href":"https:\/\/www.reglasde.org\/fr\/wp-json\/wp\/v2\/pages\/347\/revisions"}],"predecessor-version":[{"id":350,"href":"https:\/\/www.reglasde.org\/fr\/wp-json\/wp\/v2\/pages\/347\/revisions\/350"}],"wp:attachment":[{"href":"https:\/\/www.reglasde.org\/fr\/wp-json\/wp\/v2\/media?parent=347"}],"curies":[{"name":"wp","href":"https:\/\/api.w.org\/{rel}","templated":true}]}}